{"id":2868,"date":"2018-05-27T12:13:16","date_gmt":"2018-05-27T10:13:16","guid":{"rendered":"https:\/\/autoconautista.com\/ncc\/?page_id=2868"},"modified":"2020-11-08T19:29:23","modified_gmt":"2020-11-08T18:29:23","slug":"gdpr","status":"publish","type":"page","link":"https:\/\/autoconautista.com\/ncc\/gdpr\/","title":{"rendered":"GDPR"},"content":{"rendered":"<h2>Titolare<\/h2>\n<p>Titolare dei trattamenti \u00e8 ACA 4 Management ltd &#8211; 3, Gower Street WC1E 6HA &#8211; LONDON UK, aca4management@gmail.com. ACA 4 Management ha nominato il proprio Responsabile della protezione dei dati personali, che pu\u00f2 essere contattato allo stesso indirizzo e-mail.<\/p>\n<h2>Finalit\u00e0 e legittimit\u00e0 del trattamento<\/h2>\n<p>I dati raccolti in occasione della stipula del contratto di fornitura di servizi e durante l&#8217;esecuzione dello stesso sono trattati principalmente per erogare il servizio.<\/p>\n<p><strong>Finalit\u00e0 e base giuridica del trattamento<\/strong><\/p>\n<p>Sotto ad ogni finalit\u00e0 \u00e8 indicata la base giuridica del trattamento:<\/p>\n<ul>\n<li>fornitura ed erogazione di servizi<br \/>\nil trattamento \u00e8 necessario all&#8217;esecuzione di un contratto di cui l&#8217;interessato \u00e8 parte<\/li>\n<li>opzioni e caratteristiche dei servizi e assistenza<br \/>\nil trattamento \u00e8 necessario all&#8217;esecuzione di un contratto di cui l&#8217;interessato \u00e8 parte<\/li>\n<li>fatturazione<br \/>\nil trattamento \u00e8 necessario all&#8217;esecuzione di un contratto di cui l&#8217;interessato \u00e8 parte e per adempiere a un obbligo di legge<\/li>\n<li>recupero e rimborso del credito<br \/>\nil trattamento \u00e8 necessario per il perseguimento del legittimo interesse del titolare del trattamento che consiste nella tutela del proprio credito<\/li>\n<li>prevenzione frodi, anche informatiche<br \/>\nil trattamento \u00e8 necessario per il perseguimento del legittimo interesse del titolare del trattamento che consiste nella protezione dei servizi erogati da operazioni fraudolente poste in essere anche da terzi<\/li>\n<li>adempimento di obblighi a cui sono soggetti i fornitori di servizi di noleggio<br \/>\nil trattamento \u00e8 necessario per adempiere a un obbligo di legge<\/li>\n<li>rilevazione del grado di soddisfazione del Cliente<br \/>\nIl trattamento \u00e8 effettuato con il consenso del Cliente, che pu\u00f2 essere in qualsiasi momento revocato senza che ci\u00f2 pregiudichi la liceit\u00e0 del trattamento effettuato prima della revoca<br \/>\nLa revoca del consenso pu\u00f2 essere esercitata contattando il servizio clienti all&#8217;indirizzo e-mail aca4management@gmail.com.<\/li>\n<li>invio di comunicazioni commerciali attraverso e-mail<br \/>\nComunicazioni pubblicitarie via mail relative a prodotti o servizi analoghi a quelli acquistati sono effettuate, anche da soggetti terzi autorizzati, a meno che l&#8217;interessato non si opponga all&#8217;invio.<br \/>\nL&#8217;opposizione all&#8217;invio pu\u00f2 essere esercitata contattando il servizio clienti all&#8217;indirizzo e-mail aca4management@gmail.com.<\/li>\n<\/ul>\n<p>Il conferimento dei dati raccolti \u00e8 necessario per l&#8217;erogazione dei servizi e in loro mancanza ACA 4 Management si trova nell&#8217;impossibilit\u00e0 di eseguire il contratto. Ci\u00f2 ad eccezione dei dati trattati in virt\u00f9 del consenso, che \u00e8 dato liberamente senza alcuna conseguenza.<\/p>\n<p>Nel caso di servizi svolti per conto di terzi, l&#8217;interessato si rende responsabile che il tutto avverr\u00e0 nel rispetto della disciplina a protezione dei dati personali, dando l&#8217;informativa e, se necessario, ottenendo il consenso al trasferimento dei dati.<\/p>\n<h2>Durata di conservazione<\/h2>\n<p>I dati saranno:<\/p>\n<ul>\n<li>conservati per obbligo di legge per la durata di dieci anni dal recesso o esecuzione del contratto.<\/li>\n<li>utilizzati per la promozione via mail di prodotti e servizi analoghi a quelli acquisiti per due anni dal recesso fatto salvo il diritto di opporsi.<\/li>\n<\/ul>\n<h2>Destinatari dei dati<\/h2>\n<p><strong>Comunicazione dei dati a terzi<\/strong><br \/>\nI dati sono comunicati a:<\/p>\n<ul>\n<li>soggetti terzi se la comunicazione \u00e8 necessaria per l&#8217;erogazione dei servizi oggetto del presente contratto;<\/li>\n<li>enti pubblici e privati se la comunicazione \u00e8 prevista da un obbligo di legge;<\/li>\n<li>soggetti terzi a cui ACA 4 Management potrebbe cedere il servizio;<\/li>\n<li>soggetti terzi a cui ACA 4 Management affida lo svolgimento di determinate attivit\u00e0 quali adempimenti fiscali, consulenze in ambito informatico o commerciale, prevenzione frodi, recupero crediti. In questi casi i destinatari della comunicazione sono nominati Responsabili del trattamento<br \/>\nI dati personali sono raccolti da ACA 4 Management nell&#8217;elenco tenuto ai sensi del comma 1 art. 5 della delibera 42\/13\/CIR.<\/li>\n<\/ul>\n<h2>Diritti dell&#8217;interessato<\/h2>\n<p>L&#8217;interessato ha il diritto di chiedere al titolare del trattamento l&#8217;accesso ai dati personali e la rettifica o la cancellazione degli stessi e la limitazione del trattamento. Ha, inoltre, il diritto di opporsi al trattamento dei dati personali e il diritto alla portabilit\u00e0 degli stessi.<br \/>\nL&#8217;interessato ha, infine, il diritto di proporre reclamo al Garante per la protezione dei dati personali.<\/p>\n<p><strong>Come esercitare il diritto di accesso, rettifica e cancellazione dei dati<\/strong><br \/>\nL&#8217;interessato pu\u00f2 modificare e aggiornare i suoi dati personali contattando ACA 4 Management<\/p>\n<p><strong>Come esercitare il diritto di limitazione e opposizione del trattamento<\/strong><br \/>\nPer esercitare i propri diritti l&#8217;interessato pu\u00f2 rivolgersi al Responsabile della protezione dei dati personali all&#8217;indirizzo aca4management@gmail.com<\/p>\n<p><strong>Diritto di revocare il consenso<\/strong><br \/>\nLa revoca del consenso o l&#8217;opposizione all&#8217;invio di comunicazioni pubblicitarie possono essere esercitati contattando il servizio clienti all&#8217;indirizzo e-mail aca4management@gmail.com<\/p>\n<p><strong>Diritto di reclamo all&#8217;autorit\u00e0<\/strong><br \/>\nL&#8217;interessato pu\u00f2 presentare reclamo al Garante per la protezione dei dati personali<\/p>\n<h2>Dati relativi alle carte di credito<\/h2>\n<p>I dati della carta di credito sono trattati e conservati da Stripe, con sede in 185 Berry Street, Suite 550 San Francisco, CA 94107, che provvede a gestire le transazioni mediante carta di credito. \u00c8 sempre Stripe che tratta e conserva i dati qualora si chieda che il pagamento ricorrente avvenga mediante addebito automatico sulla carta di credito o che i dati siano memorizzati in modo da evitare di fornirli in occasione di nuovi acquisti. Stripe opera quale titolare del trattamento fornendo l&#8217;informativa e richiedendo, se necessario, il consenso al trattamento. ACA 4 Management potrebbe memorizzare solo le prime e le ultime cifre della carta di credito per consentire all&#8217;utente di identificarla facilmente in futuro.<\/p>\n","protected":false},"excerpt":{"rendered":"<p>Titolare Titolare dei trattamenti \u00e8 ACA 4 Management ltd &#8211; 3, Gower Street WC1E 6HA &#8211; LONDON UK, aca4management@gmail.com. ACA 4 Management ha nominato il proprio Responsabile della protezione dei dati personali, che pu\u00f2 essere contattato allo stesso indirizzo e-mail. Finalit\u00e0 e legittimit\u00e0 del trattamento I dati raccolti in occasione della stipula del contratto di [&hellip;]<\/p>\n","protected":false},"author":1,"featured_media":2641,"parent":0,"menu_order":0,"comment_status":"closed","ping_status":"closed","template":"template-no-sibebar.php","meta":[],"categories":[2],"tags":[1490],"yoast_head":"<!-- This site is optimized with the Yoast SEO plugin v16.8 - https:\/\/yoast.com\/wordpress\/plugins\/seo\/ -->\n<meta name=\"description\" content=\"Noleggio con conducente, GDPR Titolare Titolare dei trattamenti \u00e8 ACA 4 Management ltd - 3, Gower Street WC1E 6HA - LONDON UK, aca4management@gmail.com. ACA 4 Management ha nominato il Auto con Autista NCC Info Sito GDPR\" \/>\n<meta name=\"robots\" content=\"index, follow, max-snippet:-1, max-image-preview:large, max-video-preview:-1\" \/>\n<link rel=\"canonical\" href=\"https:\/\/autoconautista.com\/ncc\/gdpr\/\" \/>\n<meta property=\"og:locale\" content=\"it_IT\" \/>\n<meta property=\"og:type\" content=\"article\" \/>\n<meta property=\"og:title\" content=\"GDPR Auto con Autista\" \/>\n<meta property=\"og:description\" content=\"Noleggio con conducente, GDPR Titolare Titolare dei trattamenti \u00e8 ACA 4 Management ltd - 3, Gower Street WC1E 6HA - LONDON UK, aca4management@gmail.com. ACA 4 Management ha nominato il Auto con Autista NCC Info Sito GDPR\" \/>\n<meta property=\"og:url\" content=\"https:\/\/autoconautista.com\/ncc\/gdpr\/\" \/>\n<meta property=\"og:site_name\" content=\"Auto con Autista\" \/>\n<meta property=\"article:publisher\" content=\"https:\/\/www.facebook.com\/autoconautistaitalia\" \/>\n<meta property=\"article:modified_time\" content=\"2020-11-08T18:29:23+00:00\" \/>\n<meta property=\"og:image\" content=\"https:\/\/autoconautista.com\/ncc\/wp-content\/uploads\/auto-con-autista-2017.jpg\" \/>\n\t<meta property=\"og:image:width\" content=\"968\" \/>\n\t<meta property=\"og:image:height\" content=\"506\" \/>\n<meta name=\"twitter:card\" content=\"summary_large_image\" \/>\n<meta name=\"twitter:site\" content=\"@AutoconAutista\" \/>\n<meta name=\"twitter:label1\" content=\"Tempo di lettura stimato\" \/>\n\t<meta name=\"twitter:data1\" content=\"4 minuti\" \/>\n<script type=\"application\/ld+json\" class=\"yoast-schema-graph\">{\"@context\":\"https:\/\/schema.org\",\"@graph\":[{\"@type\":\"Organization\",\"@id\":\"https:\/\/autoconautista.com\/ncc\/#organization\",\"name\":\"Auto con Autista\",\"url\":\"https:\/\/autoconautista.com\/ncc\/\",\"sameAs\":[\"https:\/\/www.facebook.com\/autoconautistaitalia\",\"https:\/\/www.instagram.com\/autoconautista_com\/\",\"https:\/\/www.linkedin.com\/company\/auto-con-autista\",\"https:\/\/www.youtube.com\/channel\/UCSm2NCg9aUQJTEQC1QKbR7A\",\"https:\/\/it.pinterest.com\/autoconautista\/\",\"https:\/\/twitter.com\/AutoconAutista\"],\"logo\":{\"@type\":\"ImageObject\",\"@id\":\"https:\/\/autoconautista.com\/ncc\/#logo\",\"inLanguage\":\"it-IT\",\"url\":\"https:\/\/autoconautista.com\/ncc\/wp-content\/uploads\/logo_19-3_autoconautista.png\",\"contentUrl\":\"https:\/\/autoconautista.com\/ncc\/wp-content\/uploads\/logo_19-3_autoconautista.png\",\"width\":320,\"height\":70,\"caption\":\"Auto con Autista\"},\"image\":{\"@id\":\"https:\/\/autoconautista.com\/ncc\/#logo\"}},{\"@type\":\"WebSite\",\"@id\":\"https:\/\/autoconautista.com\/ncc\/#website\",\"url\":\"https:\/\/autoconautista.com\/ncc\/\",\"name\":\"Auto con Autista\",\"description\":\"Noleggio con conducente, auto con autista NCC\",\"publisher\":{\"@id\":\"https:\/\/autoconautista.com\/ncc\/#organization\"},\"potentialAction\":[{\"@type\":\"SearchAction\",\"target\":{\"@type\":\"EntryPoint\",\"urlTemplate\":\"https:\/\/autoconautista.com\/ncc\/?s={search_term_string}\"},\"query-input\":\"required name=search_term_string\"}],\"inLanguage\":\"it-IT\"},{\"@type\":\"ImageObject\",\"@id\":\"https:\/\/autoconautista.com\/ncc\/gdpr\/#primaryimage\",\"inLanguage\":\"it-IT\",\"url\":\"https:\/\/autoconautista.com\/ncc\/wp-content\/uploads\/auto-con-autista-2017.jpg\",\"contentUrl\":\"https:\/\/autoconautista.com\/ncc\/wp-content\/uploads\/auto-con-autista-2017.jpg\",\"width\":968,\"height\":506,\"caption\":\"Noleggio auto con Conducente\"},{\"@type\":\"WebPage\",\"@id\":\"https:\/\/autoconautista.com\/ncc\/gdpr\/#webpage\",\"url\":\"https:\/\/autoconautista.com\/ncc\/gdpr\/\",\"name\":\"GDPR Auto con Autista\",\"isPartOf\":{\"@id\":\"https:\/\/autoconautista.com\/ncc\/#website\"},\"primaryImageOfPage\":{\"@id\":\"https:\/\/autoconautista.com\/ncc\/gdpr\/#primaryimage\"},\"datePublished\":\"2018-05-27T10:13:16+00:00\",\"dateModified\":\"2020-11-08T18:29:23+00:00\",\"description\":\"Noleggio con conducente, GDPR Titolare Titolare dei trattamenti \\u00e8 ACA 4 Management ltd - 3, Gower Street WC1E 6HA - LONDON UK, aca4management@gmail.com. ACA 4 Management ha nominato il Auto con Autista NCC Info Sito GDPR\",\"breadcrumb\":{\"@id\":\"https:\/\/autoconautista.com\/ncc\/gdpr\/#breadcrumb\"},\"inLanguage\":\"it-IT\",\"potentialAction\":[{\"@type\":\"ReadAction\",\"target\":[\"https:\/\/autoconautista.com\/ncc\/gdpr\/\"]}]},{\"@type\":\"BreadcrumbList\",\"@id\":\"https:\/\/autoconautista.com\/ncc\/gdpr\/#breadcrumb\",\"itemListElement\":[{\"@type\":\"ListItem\",\"position\":1,\"name\":\"Auto con Autista NCC\",\"item\":\"https:\/\/autoconautista.com\/ncc\/\"},{\"@type\":\"ListItem\",\"position\":2,\"name\":\"Info Sito\",\"item\":\"https:\/\/autoconautista.com\/ncc\/info-sito\/\"},{\"@type\":\"ListItem\",\"position\":3,\"name\":\"GDPR\"}]}]}<\/script>\n<!-- \/ Yoast SEO plugin. -->","yoast_head_json":{"description":"Noleggio con conducente, GDPR Titolare Titolare dei trattamenti \u00e8 ACA 4 Management ltd - 3, Gower Street WC1E 6HA - LONDON UK, aca4management@gmail.com. ACA 4 Management ha nominato il Auto con Autista NCC Info Sito GDPR","robots":{"index":"index","follow":"follow","max-snippet":"max-snippet:-1","max-image-preview":"max-image-preview:large","max-video-preview":"max-video-preview:-1"},"canonical":"https:\/\/autoconautista.com\/ncc\/gdpr\/","og_locale":"it_IT","og_type":"article","og_title":"GDPR Auto con Autista","og_description":"Noleggio con conducente, GDPR Titolare Titolare dei trattamenti \u00e8 ACA 4 Management ltd - 3, Gower Street WC1E 6HA - LONDON UK, aca4management@gmail.com. ACA 4 Management ha nominato il Auto con Autista NCC Info Sito GDPR","og_url":"https:\/\/autoconautista.com\/ncc\/gdpr\/","og_site_name":"Auto con Autista","article_publisher":"https:\/\/www.facebook.com\/autoconautistaitalia","article_modified_time":"2020-11-08T18:29:23+00:00","og_image":[{"width":968,"height":506,"url":"https:\/\/autoconautista.com\/ncc\/wp-content\/uploads\/auto-con-autista-2017.jpg","path":"\/home\/autoconahi\/com\/ncc\/wp-content\/uploads\/auto-con-autista-2017.jpg","size":"full","id":2641,"alt":"Noleggio auto con Conducente","pixels":489808,"type":"image\/jpeg"}],"twitter_card":"summary_large_image","twitter_site":"@AutoconAutista","twitter_misc":{"Tempo di lettura stimato":"4 minuti"},"schema":{"@context":"https:\/\/schema.org","@graph":[{"@type":"Organization","@id":"https:\/\/autoconautista.com\/ncc\/#organization","name":"Auto con Autista","url":"https:\/\/autoconautista.com\/ncc\/","sameAs":["https:\/\/www.facebook.com\/autoconautistaitalia","https:\/\/www.instagram.com\/autoconautista_com\/","https:\/\/www.linkedin.com\/company\/auto-con-autista","https:\/\/www.youtube.com\/channel\/UCSm2NCg9aUQJTEQC1QKbR7A","https:\/\/it.pinterest.com\/autoconautista\/","https:\/\/twitter.com\/AutoconAutista"],"logo":{"@type":"ImageObject","@id":"https:\/\/autoconautista.com\/ncc\/#logo","inLanguage":"it-IT","url":"https:\/\/autoconautista.com\/ncc\/wp-content\/uploads\/logo_19-3_autoconautista.png","contentUrl":"https:\/\/autoconautista.com\/ncc\/wp-content\/uploads\/logo_19-3_autoconautista.png","width":320,"height":70,"caption":"Auto con Autista"},"image":{"@id":"https:\/\/autoconautista.com\/ncc\/#logo"}},{"@type":"WebSite","@id":"https:\/\/autoconautista.com\/ncc\/#website","url":"https:\/\/autoconautista.com\/ncc\/","name":"Auto con Autista","description":"Noleggio con conducente, auto con autista NCC","publisher":{"@id":"https:\/\/autoconautista.com\/ncc\/#organization"},"potentialAction":[{"@type":"SearchAction","target":{"@type":"EntryPoint","urlTemplate":"https:\/\/autoconautista.com\/ncc\/?s={search_term_string}"},"query-input":"required name=search_term_string"}],"inLanguage":"it-IT"},{"@type":"ImageObject","@id":"https:\/\/autoconautista.com\/ncc\/gdpr\/#primaryimage","inLanguage":"it-IT","url":"https:\/\/autoconautista.com\/ncc\/wp-content\/uploads\/auto-con-autista-2017.jpg","contentUrl":"https:\/\/autoconautista.com\/ncc\/wp-content\/uploads\/auto-con-autista-2017.jpg","width":968,"height":506,"caption":"Noleggio auto con Conducente"},{"@type":"WebPage","@id":"https:\/\/autoconautista.com\/ncc\/gdpr\/#webpage","url":"https:\/\/autoconautista.com\/ncc\/gdpr\/","name":"GDPR Auto con Autista","isPartOf":{"@id":"https:\/\/autoconautista.com\/ncc\/#website"},"primaryImageOfPage":{"@id":"https:\/\/autoconautista.com\/ncc\/gdpr\/#primaryimage"},"datePublished":"2018-05-27T10:13:16+00:00","dateModified":"2020-11-08T18:29:23+00:00","description":"Noleggio con conducente, GDPR Titolare Titolare dei trattamenti \u00e8 ACA 4 Management ltd - 3, Gower Street WC1E 6HA - LONDON UK, aca4management@gmail.com. ACA 4 Management ha nominato il Auto con Autista NCC Info Sito GDPR","breadcrumb":{"@id":"https:\/\/autoconautista.com\/ncc\/gdpr\/#breadcrumb"},"inLanguage":"it-IT","potentialAction":[{"@type":"ReadAction","target":["https:\/\/autoconautista.com\/ncc\/gdpr\/"]}]},{"@type":"BreadcrumbList","@id":"https:\/\/autoconautista.com\/ncc\/gdpr\/#breadcrumb","itemListElement":[{"@type":"ListItem","position":1,"name":"Auto con Autista NCC","item":"https:\/\/autoconautista.com\/ncc\/"},{"@type":"ListItem","position":2,"name":"Info Sito","item":"https:\/\/autoconautista.com\/ncc\/info-sito\/"},{"@type":"ListItem","position":3,"name":"GDPR"}]}]}},"_links":{"self":[{"href":"https:\/\/autoconautista.com\/ncc\/wp-json\/wp\/v2\/pages\/2868"}],"collection":[{"href":"https:\/\/autoconautista.com\/ncc\/wp-json\/wp\/v2\/pages"}],"about":[{"href":"https:\/\/autoconautista.com\/ncc\/wp-json\/wp\/v2\/types\/page"}],"author":[{"embeddable":true,"href":"https:\/\/autoconautista.com\/ncc\/wp-json\/wp\/v2\/users\/1"}],"replies":[{"embeddable":true,"href":"https:\/\/autoconautista.com\/ncc\/wp-json\/wp\/v2\/comments?post=2868"}],"version-history":[{"count":0,"href":"https:\/\/autoconautista.com\/ncc\/wp-json\/wp\/v2\/pages\/2868\/revisions"}],"wp:featuredmedia":[{"embeddable":true,"href":"https:\/\/autoconautista.com\/ncc\/wp-json\/wp\/v2\/media\/2641"}],"wp:attachment":[{"href":"https:\/\/autoconautista.com\/ncc\/wp-json\/wp\/v2\/media?parent=2868"}],"wp:term":[{"taxonomy":"category","embeddable":true,"href":"https:\/\/autoconautista.com\/ncc\/wp-json\/wp\/v2\/categories?post=2868"},{"taxonomy":"post_tag","embeddable":true,"href":"https:\/\/autoconautista.com\/ncc\/wp-json\/wp\/v2\/tags?post=2868"}],"curies":[{"name":"wp","href":"https:\/\/api.w.org\/{rel}","templated":true}]}}