{"id":1709,"date":"2016-07-03T11:14:35","date_gmt":"2016-07-03T09:14:35","guid":{"rendered":"http:\/\/autoconautista.com\/ncc\/?page_id=1709"},"modified":"2018-09-21T10:04:03","modified_gmt":"2018-09-21T08:04:03","slug":"policy","status":"publish","type":"page","link":"https:\/\/autoconautista.com\/ncc\/policy\/","title":{"rendered":"Policy"},"content":{"rendered":"<p style=\"text-align: justify;\"><strong>Cookies Policy<\/strong><\/p>\n<p style=\"text-align: justify;\">Ai sensi di Art .2, par. 5, Direttiva 2009\/136\/CE e art. 122, comma 1, Codice privacy, riportiamo la seguente:<\/p>\n<p style=\"text-align: justify;\">Navigando nelle pagine del sito alcuni cookies c.d. tecnici potrebbero essere installati sul tuo browser. Si tratta di cookies che servono esclusivamente a consentirti una migliore esperienza di navigazione ma che non ci consentono di archiviare nessun tuo dato personale utilizzabile ad altri scopi.<br \/>\nAl fine di disporre di dati statistici relativi alle visite sul sito, inoltre, potrebbe essere installato sul vostro browser un ulteriore cookie che, tuttavia, non consentir\u00e0 n\u00e9 al titolare del sito, n\u00e9 a terzi di risalire alla Vostra identit\u00e0 e sar\u00e0 utilizzato esclusivamente al fine di registrare, in forma aggregata, il dato relativo ad un accesso in pi\u00f9 su queste pagine.<\/p>\n<p style=\"text-align: justify;\"><strong>Cosa sono i cookies<\/strong><\/p>\n<p style=\"text-align: justify;\">I cookies sono piccoli file di testo che i siti visitati dagli utenti inviano ai loro terminali, dove vengono memorizzati per essere poi ritrasmessi agli stessi siti in occasione delle visite successive.<\/p>\n<p style=\"text-align: justify;\"><strong>Privacy<\/strong><\/p>\n<p style=\"text-align: justify;\">AutoconAutista garantisce ai visitatori del suo sito internet che nessun dato personale che li riguarda viene raccolto in via automatica. Al fine di fornire ai visitatori una visualizzazione delle pagine web qualitativamente migliore, in specifiche aree del sito vengono raccolte informazioni sulle modalit\u00e0 di connessione, riguardanti il browser ed il sistema operativo utilizzati, nonch\u00e9 il nome dell&#8217;internet service provider. L&#8217;indirizzo e-mail ed altri dati personali possono essere raccolti da AutoconAutista soltanto se vengono forniti direttamente dall&#8217;interessato ed in tal caso verranno trattati esclusivamente secondo le finalit\u00e0 per le quali sono stati raccolti. I dati personali raccolti a fini statistici vengono trattati in forma anonima e su base aggregata. AutoconAutista assicura ai visitatori del suo sito che i dati acquisiti vengono trattati adottando misure di sicurezza idonee ad evitare la loro distruzione o perdita, accessi non autorizzati, trattamenti non consentiti e non conformi alle finalit\u00e0 della raccolta. Per ulteriori informazioni in materia di privacy si suggerisce di consultare il sito ufficiale del Garante per la protezione dei dati personali.<\/p>\n<p style=\"text-align: justify;\">L\u2019utente pu\u00f2 decidere se accettare o meno i cookie utilizzando le impostazioni del proprio browser:<\/p>\n<p style=\"text-align: justify;\">Attenzione: la disabilitazione totale o parziale dei cookies tecnici pu\u00f2 compromettere l\u2019utilizzo delle funzionalit\u00e0 del sito riservate agli utenti registrati. Al contrario, la fruibilit\u00e0 dei contenuti pubblici \u00e8 possibile anche disabilitando completamente i cookies.<br \/>\nLa disabilitazione dei cookies \u201cterze parti\u201d non pregiudica in alcun modo la navigabilit\u00e0.<br \/>\nL\u2019impostazione pu\u00f2 essere definita in modo specifico per i diversi siti e applicazioni web. Inoltre i migliori browser consentono di definire impostazioni diverse per i cookies \u201cproprietari\u201d e per quelli di \u201cterze parti\u201d.<\/p>\n<p>Google Chrome:\u00a0<a href=\"https:\/\/support.google.com\/chrome\/answer\/95647?hl=it\" target=\"_blank\" rel=\"noopener\">https:\/\/support.google.com\/chrome\/answer\/95647?hl=it<\/a><br \/>\nMozilla Firefox:\u00a0<a href=\"https:\/\/support.mozilla.org\/it\/kb\/Gestione%20dei%20cookie\" target=\"_blank\" rel=\"noopener\">https:\/\/support.mozilla.org\/it\/kb\/Gestione%20dei%20cookie<\/a><br \/>\nInternet Explorer:\u00a0<a href=\"https:\/\/windows.microsoft.com\/it-it\/windows7\/how-to-manage-cookies-in-internet-explorer-9\" target=\"_blank\" rel=\"noopener\">https:\/\/windows.microsoft.com\/it-it\/windows7\/how-to-manage-cookies-in-internet-explorer-9<\/a><br \/>\nOpera:\u00a0<a href=\"http:\/\/help.opera.com\/Windows\/10.00\/it\/cookies.html\" target=\"_blank\" rel=\"noopener\">http:\/\/help.opera.com\/Windows\/10.00\/it\/cookies.html<\/a><br \/>\nSafari:\u00a0<a href=\"https:\/\/support.apple.com\/kb\/HT1677?viewlocale=it_IT\" target=\"_blank\" rel=\"noopener\">https:\/\/support.apple.com\/kb\/HT1677?viewlocale=it_IT<\/a><\/p>\n","protected":false},"excerpt":{"rendered":"<p>Cookies Policy Ai sensi di Art .2, par. 5, Direttiva 2009\/136\/CE e art. 122, comma 1, Codice privacy, riportiamo la seguente: Navigando nelle pagine del sito alcuni cookies c.d. tecnici potrebbero essere installati sul tuo browser. Si tratta di cookies che servono esclusivamente a consentirti una migliore esperienza di navigazione ma che non ci consentono [&hellip;]<\/p>\n","protected":false},"author":1,"featured_media":0,"parent":0,"menu_order":0,"comment_status":"closed","ping_status":"closed","template":"template-no-sibebar.php","meta":[],"categories":[2],"tags":[],"yoast_head":"<!-- This site is optimized with the Yoast SEO plugin v16.8 - https:\/\/yoast.com\/wordpress\/plugins\/seo\/ -->\n<meta name=\"description\" content=\"Noleggio con conducente, Policy Cookies Policy Ai sensi di Art .2, par. 5, Direttiva 2009\/136\/CE e art. 122, comma 1, Codice privacy, riportiamo la seguente: Navigando nelle pagine del Auto con Autista NCC Info Sito Policy\" \/>\n<meta name=\"robots\" content=\"index, follow, max-snippet:-1, max-image-preview:large, max-video-preview:-1\" \/>\n<link rel=\"canonical\" href=\"https:\/\/autoconautista.com\/ncc\/policy\/\" \/>\n<meta property=\"og:locale\" content=\"it_IT\" \/>\n<meta property=\"og:type\" content=\"article\" \/>\n<meta property=\"og:title\" content=\"Policy Auto con Autista\" \/>\n<meta property=\"og:description\" content=\"Noleggio con conducente, Policy Cookies Policy Ai sensi di Art .2, par. 5, Direttiva 2009\/136\/CE e art. 122, comma 1, Codice privacy, riportiamo la seguente: Navigando nelle pagine del Auto con Autista NCC Info Sito Policy\" \/>\n<meta property=\"og:url\" content=\"https:\/\/autoconautista.com\/ncc\/policy\/\" \/>\n<meta property=\"og:site_name\" content=\"Auto con Autista\" \/>\n<meta property=\"article:publisher\" content=\"https:\/\/www.facebook.com\/autoconautistaitalia\" \/>\n<meta property=\"article:modified_time\" content=\"2018-09-21T08:04:03+00:00\" \/>\n<meta property=\"og:image\" content=\"https:\/\/autoconautista.com\/ncc\/wp-content\/uploads\/auto-con-autista-2017.jpg\" \/>\n\t<meta property=\"og:image:width\" content=\"968\" \/>\n\t<meta property=\"og:image:height\" content=\"506\" \/>\n<meta name=\"twitter:card\" content=\"summary_large_image\" \/>\n<meta name=\"twitter:site\" content=\"@AutoconAutista\" \/>\n<meta name=\"twitter:label1\" content=\"Tempo di lettura stimato\" \/>\n\t<meta name=\"twitter:data1\" content=\"2 minuti\" \/>\n<script type=\"application\/ld+json\" class=\"yoast-schema-graph\">{\"@context\":\"https:\/\/schema.org\",\"@graph\":[{\"@type\":\"Organization\",\"@id\":\"https:\/\/autoconautista.com\/ncc\/#organization\",\"name\":\"Auto con Autista\",\"url\":\"https:\/\/autoconautista.com\/ncc\/\",\"sameAs\":[\"https:\/\/www.facebook.com\/autoconautistaitalia\",\"https:\/\/www.instagram.com\/autoconautista_com\/\",\"https:\/\/www.linkedin.com\/company\/auto-con-autista\",\"https:\/\/www.youtube.com\/channel\/UCSm2NCg9aUQJTEQC1QKbR7A\",\"https:\/\/it.pinterest.com\/autoconautista\/\",\"https:\/\/twitter.com\/AutoconAutista\"],\"logo\":{\"@type\":\"ImageObject\",\"@id\":\"https:\/\/autoconautista.com\/ncc\/#logo\",\"inLanguage\":\"it-IT\",\"url\":\"https:\/\/autoconautista.com\/ncc\/wp-content\/uploads\/logo_19-3_autoconautista.png\",\"contentUrl\":\"https:\/\/autoconautista.com\/ncc\/wp-content\/uploads\/logo_19-3_autoconautista.png\",\"width\":320,\"height\":70,\"caption\":\"Auto con Autista\"},\"image\":{\"@id\":\"https:\/\/autoconautista.com\/ncc\/#logo\"}},{\"@type\":\"WebSite\",\"@id\":\"https:\/\/autoconautista.com\/ncc\/#website\",\"url\":\"https:\/\/autoconautista.com\/ncc\/\",\"name\":\"Auto con Autista\",\"description\":\"Noleggio con conducente, auto con autista NCC\",\"publisher\":{\"@id\":\"https:\/\/autoconautista.com\/ncc\/#organization\"},\"potentialAction\":[{\"@type\":\"SearchAction\",\"target\":{\"@type\":\"EntryPoint\",\"urlTemplate\":\"https:\/\/autoconautista.com\/ncc\/?s={search_term_string}\"},\"query-input\":\"required name=search_term_string\"}],\"inLanguage\":\"it-IT\"},{\"@type\":\"WebPage\",\"@id\":\"https:\/\/autoconautista.com\/ncc\/policy\/#webpage\",\"url\":\"https:\/\/autoconautista.com\/ncc\/policy\/\",\"name\":\"Policy Auto con Autista\",\"isPartOf\":{\"@id\":\"https:\/\/autoconautista.com\/ncc\/#website\"},\"datePublished\":\"2016-07-03T09:14:35+00:00\",\"dateModified\":\"2018-09-21T08:04:03+00:00\",\"description\":\"Noleggio con conducente, Policy Cookies Policy Ai sensi di Art .2, par. 5, Direttiva 2009\/136\/CE e art. 122, comma 1, Codice privacy, riportiamo la seguente: Navigando nelle pagine del Auto con Autista NCC Info Sito Policy\",\"breadcrumb\":{\"@id\":\"https:\/\/autoconautista.com\/ncc\/policy\/#breadcrumb\"},\"inLanguage\":\"it-IT\",\"potentialAction\":[{\"@type\":\"ReadAction\",\"target\":[\"https:\/\/autoconautista.com\/ncc\/policy\/\"]}]},{\"@type\":\"BreadcrumbList\",\"@id\":\"https:\/\/autoconautista.com\/ncc\/policy\/#breadcrumb\",\"itemListElement\":[{\"@type\":\"ListItem\",\"position\":1,\"name\":\"Auto con Autista NCC\",\"item\":\"https:\/\/autoconautista.com\/ncc\/\"},{\"@type\":\"ListItem\",\"position\":2,\"name\":\"Info Sito\",\"item\":\"https:\/\/autoconautista.com\/ncc\/info-sito\/\"},{\"@type\":\"ListItem\",\"position\":3,\"name\":\"Policy\"}]}]}<\/script>\n<!-- \/ Yoast SEO plugin. -->","yoast_head_json":{"description":"Noleggio con conducente, Policy Cookies Policy Ai sensi di Art .2, par. 5, Direttiva 2009\/136\/CE e art. 122, comma 1, Codice privacy, riportiamo la seguente: Navigando nelle pagine del Auto con Autista NCC Info Sito Policy","robots":{"index":"index","follow":"follow","max-snippet":"max-snippet:-1","max-image-preview":"max-image-preview:large","max-video-preview":"max-video-preview:-1"},"canonical":"https:\/\/autoconautista.com\/ncc\/policy\/","og_locale":"it_IT","og_type":"article","og_title":"Policy Auto con Autista","og_description":"Noleggio con conducente, Policy Cookies Policy Ai sensi di Art .2, par. 5, Direttiva 2009\/136\/CE e art. 122, comma 1, Codice privacy, riportiamo la seguente: Navigando nelle pagine del Auto con Autista NCC Info Sito Policy","og_url":"https:\/\/autoconautista.com\/ncc\/policy\/","og_site_name":"Auto con Autista","article_publisher":"https:\/\/www.facebook.com\/autoconautistaitalia","article_modified_time":"2018-09-21T08:04:03+00:00","og_image":[{"width":968,"height":506,"url":"https:\/\/autoconautista.com\/ncc\/wp-content\/uploads\/auto-con-autista-2017.jpg","path":"\/home\/autoconahi\/com\/ncc\/wp-content\/uploads\/auto-con-autista-2017.jpg","size":"full","id":2641,"alt":"Noleggio auto con Conducente","pixels":489808,"type":"image\/jpeg"}],"twitter_card":"summary_large_image","twitter_site":"@AutoconAutista","twitter_misc":{"Tempo di lettura stimato":"2 minuti"},"schema":{"@context":"https:\/\/schema.org","@graph":[{"@type":"Organization","@id":"https:\/\/autoconautista.com\/ncc\/#organization","name":"Auto con Autista","url":"https:\/\/autoconautista.com\/ncc\/","sameAs":["https:\/\/www.facebook.com\/autoconautistaitalia","https:\/\/www.instagram.com\/autoconautista_com\/","https:\/\/www.linkedin.com\/company\/auto-con-autista","https:\/\/www.youtube.com\/channel\/UCSm2NCg9aUQJTEQC1QKbR7A","https:\/\/it.pinterest.com\/autoconautista\/","https:\/\/twitter.com\/AutoconAutista"],"logo":{"@type":"ImageObject","@id":"https:\/\/autoconautista.com\/ncc\/#logo","inLanguage":"it-IT","url":"https:\/\/autoconautista.com\/ncc\/wp-content\/uploads\/logo_19-3_autoconautista.png","contentUrl":"https:\/\/autoconautista.com\/ncc\/wp-content\/uploads\/logo_19-3_autoconautista.png","width":320,"height":70,"caption":"Auto con Autista"},"image":{"@id":"https:\/\/autoconautista.com\/ncc\/#logo"}},{"@type":"WebSite","@id":"https:\/\/autoconautista.com\/ncc\/#website","url":"https:\/\/autoconautista.com\/ncc\/","name":"Auto con Autista","description":"Noleggio con conducente, auto con autista NCC","publisher":{"@id":"https:\/\/autoconautista.com\/ncc\/#organization"},"potentialAction":[{"@type":"SearchAction","target":{"@type":"EntryPoint","urlTemplate":"https:\/\/autoconautista.com\/ncc\/?s={search_term_string}"},"query-input":"required name=search_term_string"}],"inLanguage":"it-IT"},{"@type":"WebPage","@id":"https:\/\/autoconautista.com\/ncc\/policy\/#webpage","url":"https:\/\/autoconautista.com\/ncc\/policy\/","name":"Policy Auto con Autista","isPartOf":{"@id":"https:\/\/autoconautista.com\/ncc\/#website"},"datePublished":"2016-07-03T09:14:35+00:00","dateModified":"2018-09-21T08:04:03+00:00","description":"Noleggio con conducente, Policy Cookies Policy Ai sensi di Art .2, par. 5, Direttiva 2009\/136\/CE e art. 122, comma 1, Codice privacy, riportiamo la seguente: Navigando nelle pagine del Auto con Autista NCC Info Sito Policy","breadcrumb":{"@id":"https:\/\/autoconautista.com\/ncc\/policy\/#breadcrumb"},"inLanguage":"it-IT","potentialAction":[{"@type":"ReadAction","target":["https:\/\/autoconautista.com\/ncc\/policy\/"]}]},{"@type":"BreadcrumbList","@id":"https:\/\/autoconautista.com\/ncc\/policy\/#breadcrumb","itemListElement":[{"@type":"ListItem","position":1,"name":"Auto con Autista NCC","item":"https:\/\/autoconautista.com\/ncc\/"},{"@type":"ListItem","position":2,"name":"Info Sito","item":"https:\/\/autoconautista.com\/ncc\/info-sito\/"},{"@type":"ListItem","position":3,"name":"Policy"}]}]}},"_links":{"self":[{"href":"https:\/\/autoconautista.com\/ncc\/wp-json\/wp\/v2\/pages\/1709"}],"collection":[{"href":"https:\/\/autoconautista.com\/ncc\/wp-json\/wp\/v2\/pages"}],"about":[{"href":"https:\/\/autoconautista.com\/ncc\/wp-json\/wp\/v2\/types\/page"}],"author":[{"embeddable":true,"href":"https:\/\/autoconautista.com\/ncc\/wp-json\/wp\/v2\/users\/1"}],"replies":[{"embeddable":true,"href":"https:\/\/autoconautista.com\/ncc\/wp-json\/wp\/v2\/comments?post=1709"}],"version-history":[{"count":0,"href":"https:\/\/autoconautista.com\/ncc\/wp-json\/wp\/v2\/pages\/1709\/revisions"}],"wp:attachment":[{"href":"https:\/\/autoconautista.com\/ncc\/wp-json\/wp\/v2\/media?parent=1709"}],"wp:term":[{"taxonomy":"category","embeddable":true,"href":"https:\/\/autoconautista.com\/ncc\/wp-json\/wp\/v2\/categories?post=1709"},{"taxonomy":"post_tag","embeddable":true,"href":"https:\/\/autoconautista.com\/ncc\/wp-json\/wp\/v2\/tags?post=1709"}],"curies":[{"name":"wp","href":"https:\/\/api.w.org\/{rel}","templated":true}]}}